{"id":5497,"date":"2023-09-18T13:12:53","date_gmt":"2023-09-18T13:12:53","guid":{"rendered":"https:\/\/diac.lt\/?post_type=product&#038;p=5497"},"modified":"2025-08-04T06:37:52","modified_gmt":"2025-08-04T06:37:52","slug":"profiline-kreipiancioji","status":"publish","type":"product","link":"https:\/\/diac.lt\/en\/preke\/profiline-kreipiancioji\/","title":{"rendered":"Profilin\u0117 kreipian\u010dioji"},"content":{"rendered":"","protected":false},"excerpt":{"rendered":"<p>Profilin\u0117s kreipian\u010diosios da\u017enai naudojamos mechaninio apdirbimo \u012frenginiuose, tokiuose kaip rankin\u0117s arba CNC programin\u0117s pjovimo stakl\u0117s &#8211; medienos, metalo, plastiko, granito pjovimui, \u0161lifavimo stakl\u0117se.<br \/>\nStrypas gamybos metu gr\u016bdinamas, tod\u0117l yra itin tvirtas ir standus.<\/p>","protected":false},"featured_media":5498,"menu_order":4,"template":"","meta":[],"product_cat":[41],"product_tag":[],"class_list":["post-5497","product","type-product","status-publish","has-post-thumbnail","hentry","product_cat-pramone"],"_links":{"self":[{"href":"https:\/\/diac.lt\/en\/wp-json\/wp\/v2\/product\/5497","targetHints":{"allow":["GET"]}}],"collection":[{"href":"https:\/\/diac.lt\/en\/wp-json\/wp\/v2\/product"}],"about":[{"href":"https:\/\/diac.lt\/en\/wp-json\/wp\/v2\/types\/product"}],"wp:featuredmedia":[{"embeddable":true,"href":"https:\/\/diac.lt\/en\/wp-json\/wp\/v2\/media\/5498"}],"wp:attachment":[{"href":"https:\/\/diac.lt\/en\/wp-json\/wp\/v2\/media?parent=5497"}],"wp:term":[{"taxonomy":"product_cat","embeddable":true,"href":"https:\/\/diac.lt\/en\/wp-json\/wp\/v2\/product_cat?post=5497"},{"taxonomy":"product_tag","embeddable":true,"href":"https:\/\/diac.lt\/en\/wp-json\/wp\/v2\/product_tag?post=5497"}],"curies":[{"name":"wp","href":"https:\/\/api.w.org\/{rel}","templated":true}]}}