{"id":5478,"date":"2023-09-18T06:51:29","date_gmt":"2023-09-18T06:51:29","guid":{"rendered":"https:\/\/diac.lt\/?post_type=product&#038;p=5478"},"modified":"2025-12-05T11:37:31","modified_gmt":"2025-12-05T11:37:31","slug":"linijines-kreipianciosios-velenas","status":"publish","type":"product","link":"https:\/\/diac.lt\/en\/preke\/linijines-kreipianciosios-velenas\/","title":{"rendered":"Linijin\u0117s kreipian\u010diosios velenas"},"content":{"rendered":"","protected":false},"excerpt":{"rendered":"<p>Linijiniai velenai da\u017enai naudojami mechaninio apdirbimo \u012frenginiuose, tokiuose kaip rankin\u0117s arba CNC programin\u0117s pjovimo stakl\u0117s &#8211; medienos, metalo, plastiko, granito pjovimui, \u0161lifavimo, lenkimo stakl\u0117se.<br \/>\nStrypas gamybos metu gr\u016bdinamas, tod\u0117l yra itin tvirtas ir standus.<\/p>\n<p>Techniniai duomenys nurodyti nuotraukoje.<\/p>\n<ul>\n<li>Med\u017eiaga: GCR15<\/li>\n<li>Tikslumo klas\u0117: g6-g5<\/li>\n<li>Kietumas:HRC62+-2<\/li>\n<li>\u0160iurk\u0161tumas: Ra0.4-0.8<\/li>\n<li>Tiesumas: nuokrypis ma\u017eesnis nei 5\u00b5m\/100mm<\/li>\n<li>Nechromuoti<\/li>\n<\/ul>","protected":false},"featured_media":5479,"menu_order":3,"template":"","meta":[],"product_cat":[41],"product_tag":[],"class_list":["post-5478","product","type-product","status-publish","has-post-thumbnail","hentry","product_cat-pramone"],"_links":{"self":[{"href":"https:\/\/diac.lt\/en\/wp-json\/wp\/v2\/product\/5478","targetHints":{"allow":["GET"]}}],"collection":[{"href":"https:\/\/diac.lt\/en\/wp-json\/wp\/v2\/product"}],"about":[{"href":"https:\/\/diac.lt\/en\/wp-json\/wp\/v2\/types\/product"}],"wp:featuredmedia":[{"embeddable":true,"href":"https:\/\/diac.lt\/en\/wp-json\/wp\/v2\/media\/5479"}],"wp:attachment":[{"href":"https:\/\/diac.lt\/en\/wp-json\/wp\/v2\/media?parent=5478"}],"wp:term":[{"taxonomy":"product_cat","embeddable":true,"href":"https:\/\/diac.lt\/en\/wp-json\/wp\/v2\/product_cat?post=5478"},{"taxonomy":"product_tag","embeddable":true,"href":"https:\/\/diac.lt\/en\/wp-json\/wp\/v2\/product_tag?post=5478"}],"curies":[{"name":"wp","href":"https:\/\/api.w.org\/{rel}","templated":true}]}}