{"id":5132,"date":"2023-09-11T07:53:32","date_gmt":"2023-09-11T07:53:32","guid":{"rendered":"https:\/\/diac.lt\/?post_type=product&#038;p=5132"},"modified":"2025-09-13T20:31:29","modified_gmt":"2025-09-13T20:31:29","slug":"linijinis-guolis-prailgintas","status":"publish","type":"product","link":"https:\/\/diac.lt\/en\/preke\/linijinis-guolis-prailgintas\/","title":{"rendered":"Linijinis guolis prailgintas SBR20LUU, SBR25LUU"},"content":{"rendered":"","protected":false},"excerpt":{"rendered":"<p>Linijiniai guoliai skirti SBR ir WC sistemoms. SBRUU guoliai standartiniai, SBR20LUU ilgesnio tipo. Guoliukas \u012ftvirtintas aliuminio korpuse, o nuo dulki\u0173 patekimo \u012f guoliuko vid\u0173 saugo gumin\u0117 u\u017euolaid\u0117l\u0117. SBR tipo kariet\u0117l\u0117se yra var\u017etas paver\u017eimui.<\/p>\n<p>Techniniai duomenys nurodyti nuotraukoje.<\/p>\n<p>Med\u017eiaga: Aliuminio lydinys<\/p>","protected":false},"featured_media":5133,"menu_order":9,"template":"","meta":[],"product_cat":[99],"product_tag":[],"class_list":["post-5132","product","type-product","status-publish","has-post-thumbnail","hentry","product_cat-linijines_kreipianciosios"],"_links":{"self":[{"href":"https:\/\/diac.lt\/en\/wp-json\/wp\/v2\/product\/5132","targetHints":{"allow":["GET"]}}],"collection":[{"href":"https:\/\/diac.lt\/en\/wp-json\/wp\/v2\/product"}],"about":[{"href":"https:\/\/diac.lt\/en\/wp-json\/wp\/v2\/types\/product"}],"wp:featuredmedia":[{"embeddable":true,"href":"https:\/\/diac.lt\/en\/wp-json\/wp\/v2\/media\/5133"}],"wp:attachment":[{"href":"https:\/\/diac.lt\/en\/wp-json\/wp\/v2\/media?parent=5132"}],"wp:term":[{"taxonomy":"product_cat","embeddable":true,"href":"https:\/\/diac.lt\/en\/wp-json\/wp\/v2\/product_cat?post=5132"},{"taxonomy":"product_tag","embeddable":true,"href":"https:\/\/diac.lt\/en\/wp-json\/wp\/v2\/product_tag?post=5132"}],"curies":[{"name":"wp","href":"https:\/\/api.w.org\/{rel}","templated":true}]}}