{"id":5128,"date":"2023-09-11T07:49:59","date_gmt":"2023-09-11T07:49:59","guid":{"rendered":"https:\/\/diac.lt\/?post_type=product&#038;p=5128"},"modified":"2024-12-09T13:43:55","modified_gmt":"2024-12-09T13:43:55","slug":"sraigtas","status":"publish","type":"product","link":"https:\/\/diac.lt\/en\/preke\/sraigtas\/","title":{"rendered":"Sraigtas"},"content":{"rendered":"","protected":false},"excerpt":{"rendered":"<p>Sraigtai (Ball screw) da\u017enai naudojami mechaninio apdirbimo \u012frenginiuose kaip CNC programin\u0117s pjovimo stakl\u0117s &#8211; medienos, metalo, plastiko, granito pjovimui, \u0161lifavimo stakl\u0117se.<\/p>\n<p>Techniniai duomenys nurodyti nuotraukoje.<\/p>\n<ul>\n<li>Tikslumo klas\u0117: C7<\/li>\n<li>Gr\u016bdinti<\/li>\n<li>Sraigtus si\u016blome apdirbtais ir neapdirbtais galais.<\/li>\n<li>Neapdirbtais galais atpjauname reikalingo ilgio ir duodame br\u0117\u017ein\u012f gal\u0173 paruo\u0161imui BK\/BF guoliaviet\u0117ms.<\/li>\n<\/ul>\n<p>Sraigt\u0173 galus galime apdirbti pagal J\u016bs\u0173 br\u0117\u017ein\u012f.<\/p>\n<p>Prek\u0117 nuo nuotraukos gali minimaliai skirtis.<\/p>","protected":false},"featured_media":5129,"menu_order":27,"template":"","meta":[],"product_cat":[41],"product_tag":[],"class_list":["post-5128","product","type-product","status-publish","has-post-thumbnail","hentry","product_cat-pramone"],"_links":{"self":[{"href":"https:\/\/diac.lt\/en\/wp-json\/wp\/v2\/product\/5128","targetHints":{"allow":["GET"]}}],"collection":[{"href":"https:\/\/diac.lt\/en\/wp-json\/wp\/v2\/product"}],"about":[{"href":"https:\/\/diac.lt\/en\/wp-json\/wp\/v2\/types\/product"}],"wp:featuredmedia":[{"embeddable":true,"href":"https:\/\/diac.lt\/en\/wp-json\/wp\/v2\/media\/5129"}],"wp:attachment":[{"href":"https:\/\/diac.lt\/en\/wp-json\/wp\/v2\/media?parent=5128"}],"wp:term":[{"taxonomy":"product_cat","embeddable":true,"href":"https:\/\/diac.lt\/en\/wp-json\/wp\/v2\/product_cat?post=5128"},{"taxonomy":"product_tag","embeddable":true,"href":"https:\/\/diac.lt\/en\/wp-json\/wp\/v2\/product_tag?post=5128"}],"curies":[{"name":"wp","href":"https:\/\/api.w.org\/{rel}","templated":true}]}}