{"id":5119,"date":"2023-09-11T07:42:18","date_gmt":"2023-09-11T07:42:18","guid":{"rendered":"https:\/\/diac.lt\/?post_type=product&#038;p=5119"},"modified":"2026-03-03T06:05:14","modified_gmt":"2026-03-03T06:05:14","slug":"linijine-kreipiancioji-su-padu","status":"publish","type":"product","link":"https:\/\/diac.lt\/en\/preke\/linijine-kreipiancioji-su-padu\/","title":{"rendered":"Linijin\u0117 kreipian\u010dioji su padu"},"content":{"rendered":"","protected":false},"excerpt":{"rendered":"<p>Linijin\u0117s kreipian\u010diosios da\u017enai naudojamos mechaninio apdirbimo \u012frenginiuose, tokiuose kaip rankin\u0117s arba CNC programin\u0117s pjovimo stakl\u0117s &#8211; medienos, metalo, plastiko, granito pjovimui, \u0161lifavimo stakl\u0117se.<br \/>\nStrypas gamybos metu gr\u016bdinamas, tod\u0117l yra itin tvirtas ir standus.<\/p>\n<p>Techniniai duomenys nurodyti nuotraukoje.<\/p>\n<ul>\n<li>Med\u017eiaga: GCR15<\/li>\n<li>Kietumas:HRC62+-2<\/li>\n<li>\u0160iurk\u0161tumas: Ra0.4-0.8<\/li>\n<li>Tiesumas: nuokrypis ma\u017eesnis nei 5\u00b5m\/100mm<\/li>\n<li>Chromuoti<\/li>\n<li>Aliumin\u0117 atrama<\/li>\n<\/ul>","protected":false},"featured_media":5120,"menu_order":2,"template":"","meta":[],"product_cat":[99,102],"product_tag":[],"class_list":["post-5119","product","type-product","status-publish","has-post-thumbnail","hentry","product_cat-linijines_kreipianciosios","product_cat-kreipianciosios_su_padeliu"],"_links":{"self":[{"href":"https:\/\/diac.lt\/en\/wp-json\/wp\/v2\/product\/5119","targetHints":{"allow":["GET"]}}],"collection":[{"href":"https:\/\/diac.lt\/en\/wp-json\/wp\/v2\/product"}],"about":[{"href":"https:\/\/diac.lt\/en\/wp-json\/wp\/v2\/types\/product"}],"wp:featuredmedia":[{"embeddable":true,"href":"https:\/\/diac.lt\/en\/wp-json\/wp\/v2\/media\/5120"}],"wp:attachment":[{"href":"https:\/\/diac.lt\/en\/wp-json\/wp\/v2\/media?parent=5119"}],"wp:term":[{"taxonomy":"product_cat","embeddable":true,"href":"https:\/\/diac.lt\/en\/wp-json\/wp\/v2\/product_cat?post=5119"},{"taxonomy":"product_tag","embeddable":true,"href":"https:\/\/diac.lt\/en\/wp-json\/wp\/v2\/product_tag?post=5119"}],"curies":[{"name":"wp","href":"https:\/\/api.w.org\/{rel}","templated":true}]}}