{"id":5110,"date":"2023-09-11T07:35:51","date_gmt":"2023-09-11T07:35:51","guid":{"rendered":"https:\/\/diac.lt\/?post_type=product&#038;p=5110"},"modified":"2024-12-09T13:53:47","modified_gmt":"2024-12-09T13:53:47","slug":"sraigtine-verzle","status":"publish","type":"product","link":"https:\/\/diac.lt\/en\/preke\/sraigtine-verzle\/","title":{"rendered":"Sraigtin\u0117 ver\u017el\u0117"},"content":{"rendered":"","protected":false},"excerpt":{"rendered":"<p>Parduodami ver\u017eli\u0173 korpusai skirti SFU sistemoms.<\/p>","protected":false},"featured_media":5114,"menu_order":28,"template":"","meta":[],"product_cat":[41],"product_tag":[],"class_list":["post-5110","product","type-product","status-publish","has-post-thumbnail","hentry","product_cat-pramone"],"_links":{"self":[{"href":"https:\/\/diac.lt\/en\/wp-json\/wp\/v2\/product\/5110","targetHints":{"allow":["GET"]}}],"collection":[{"href":"https:\/\/diac.lt\/en\/wp-json\/wp\/v2\/product"}],"about":[{"href":"https:\/\/diac.lt\/en\/wp-json\/wp\/v2\/types\/product"}],"wp:featuredmedia":[{"embeddable":true,"href":"https:\/\/diac.lt\/en\/wp-json\/wp\/v2\/media\/5114"}],"wp:attachment":[{"href":"https:\/\/diac.lt\/en\/wp-json\/wp\/v2\/media?parent=5110"}],"wp:term":[{"taxonomy":"product_cat","embeddable":true,"href":"https:\/\/diac.lt\/en\/wp-json\/wp\/v2\/product_cat?post=5110"},{"taxonomy":"product_tag","embeddable":true,"href":"https:\/\/diac.lt\/en\/wp-json\/wp\/v2\/product_tag?post=5110"}],"curies":[{"name":"wp","href":"https:\/\/api.w.org\/{rel}","templated":true}]}}