{"id":4540,"date":"2023-09-05T13:11:23","date_gmt":"2023-09-05T13:11:23","guid":{"rendered":"https:\/\/diac.lt\/?page_id=4540"},"modified":"2023-09-05T13:19:02","modified_gmt":"2023-09-05T13:19:02","slug":"prekiu-grazinimas","status":"publish","type":"page","link":"https:\/\/diac.lt\/en\/prekiu-grazinimas\/","title":{"rendered":"Returning the products"},"content":{"rendered":"<div data-elementor-type=\"wp-page\" data-elementor-id=\"4540\" class=\"elementor elementor-4540\">\n\t\t\t\t\t\t\t\t\t<section class=\"elementor-section elementor-top-section elementor-element elementor-element-5f4db8b elementor-section-boxed elementor-section-height-default elementor-section-height-default rt-parallax-bg-no\" data-id=\"5f4db8b\" data-element_type=\"section\">\n\t\t\t\t\t\t<div class=\"elementor-container elementor-column-gap-default\">\n\t\t\t\t\t<div class=\"elementor-column elementor-col-100 elementor-top-column elementor-element elementor-element-b97cfa6\" data-id=\"b97cfa6\" data-element_type=\"column\">\n\t\t\t<div class=\"elementor-widget-wrap elementor-element-populated\">\n\t\t\t\t\t\t\t\t<div class=\"elementor-element elementor-element-a12eeed elementor-widget elementor-widget-text-editor\" data-id=\"a12eeed\" data-element_type=\"widget\" data-widget_type=\"text-editor.default\">\n\t\t\t\t<div class=\"elementor-widget-container\">\n\t\t\t\t\t\t\t<p><strong>1. RETURN AND EXCHANGE OF GOODS<\/strong><br \/>1.1. Defects in the sold goods are eliminated, poor-quality goods are replaced, returned in accordance with the Civil Code of the Republic of Lithuania (hereinafter referred to as the Civil Code), Government of the Republic of Lithuania dated July 22, 2014. by resolution no. 738 of the approved Retail Trade Rules and the provisions of these Rules.<br \/>1.2. The buyer, who was sold a Product of inadequate quality or a Product with defects, has the right to choose during the warranty period.<br \/>1.2.1. require the Seller to remove the defects of the Product free of charge (repair the Product);<br \/>1.2.2. require the Seller to replace the defective Product with a good quality Product free of charge;<br \/>1.2.3. require the Seller to reduce the price accordingly;<br \/>1.2.4. demand a refund of the price paid.<br \/>1.3. In order to return the Product(s) in the cases specified in the Rule, the Buyer must contact the Seller and submit a free-form written request for the return of the Products.<br \/>1.4. When returning the Goods to the Buyer, in accordance with the clause of these Rules, it is necessary to comply with the following conditions:<br \/>1.4.1. the returned Product must be in its original, neat packaging (this clause does not apply in the case of a defective Product being returned);<br \/>1.4.2. The product must be undamaged by the Buyer;<br \/>1.4.3. The Product must be unused, without losing its commercial appearance (label intact, protective film not torn off, etc.) (this clause does not apply in the case of returning a defective Product);<br \/>1.4.4. the returned Product must be in the same configuration as the one received by the Buyer;<br \/>1.4.5. when returning the Product, it is necessary to present the purchase document and a written request for the return of the Product.<br \/>1.5. The Buyer can deliver the returned Goods himself to the specified address during business hours or send them using the courier services of his choice. The buyer bears the costs of returning the goods.<br \/>1.6. In all cases, money for returned Goods is transferred by payment order and only to the payer's bank account.<\/p>\t\t\t\t\t\t<\/div>\n\t\t\t\t<\/div>\n\t\t\t\t\t<\/div>\n\t\t<\/div>\n\t\t\t\t\t\t\t<\/div>\n\t\t<\/section>\n\t\t\t\t\t\t\t<\/div>","protected":false},"excerpt":{"rendered":"<p>1. PREKI\u0172 GR\u0104\u017dINIMAS IR KEITIMAS1.1. Parduot\u0173 Preki\u0173 tr\u016bkumai \u0161alinami, nekokybi\u0161kos Prek\u0117s kei\u010diamos, gr\u0105\u017einamos vadovaujantis LR Civilinio kodekso (toliau \u2013 CK), LR Vyriausyb\u0117s 2014 liepos 22 d. nutarimu Nr. 738 patvirtintomis Ma\u017emenin\u0117s prekybos taisykl\u0117mis ir \u0161i\u0173 Taisykli\u0173 nuostatomis.1.2. Pirk\u0117jas, kuriam buvo parduota netinkamos kokyb\u0117s Prek\u0117 arba Prek\u0117 su tr\u016bkumais, savo pasirinkimu turi teis\u0119 garantinio termino laikotarpiu.1.2.1. [&hellip;]<\/p>","protected":false},"author":2,"featured_media":0,"parent":0,"menu_order":0,"comment_status":"closed","ping_status":"closed","template":"","meta":{"footnotes":""},"class_list":["post-4540","page","type-page","status-publish","hentry"],"_links":{"self":[{"href":"https:\/\/diac.lt\/en\/wp-json\/wp\/v2\/pages\/4540","targetHints":{"allow":["GET"]}}],"collection":[{"href":"https:\/\/diac.lt\/en\/wp-json\/wp\/v2\/pages"}],"about":[{"href":"https:\/\/diac.lt\/en\/wp-json\/wp\/v2\/types\/page"}],"author":[{"embeddable":true,"href":"https:\/\/diac.lt\/en\/wp-json\/wp\/v2\/users\/2"}],"replies":[{"embeddable":true,"href":"https:\/\/diac.lt\/en\/wp-json\/wp\/v2\/comments?post=4540"}],"version-history":[{"count":4,"href":"https:\/\/diac.lt\/en\/wp-json\/wp\/v2\/pages\/4540\/revisions"}],"predecessor-version":[{"id":4545,"href":"https:\/\/diac.lt\/en\/wp-json\/wp\/v2\/pages\/4540\/revisions\/4545"}],"wp:attachment":[{"href":"https:\/\/diac.lt\/en\/wp-json\/wp\/v2\/media?parent=4540"}],"curies":[{"name":"wp","href":"https:\/\/api.w.org\/{rel}","templated":true}]}}