{"id":4535,"date":"2023-09-05T13:08:04","date_gmt":"2023-09-05T13:08:04","guid":{"rendered":"https:\/\/diac.lt\/?page_id=4535"},"modified":"2023-09-05T13:28:05","modified_gmt":"2023-09-05T13:28:05","slug":"pristatymas-ir-siuntimas","status":"publish","type":"page","link":"https:\/\/diac.lt\/en\/pristatymas-ir-siuntimas\/","title":{"rendered":"Delivery and Shipping"},"content":{"rendered":"<div data-elementor-type=\"wp-page\" data-elementor-id=\"4535\" class=\"elementor elementor-4535\">\n\t\t\t\t\t\t\t\t\t<section class=\"elementor-section elementor-top-section elementor-element elementor-element-3be191c elementor-section-boxed elementor-section-height-default elementor-section-height-default rt-parallax-bg-no\" data-id=\"3be191c\" data-element_type=\"section\">\n\t\t\t\t\t\t<div class=\"elementor-container elementor-column-gap-default\">\n\t\t\t\t\t<div class=\"elementor-column elementor-col-100 elementor-top-column elementor-element elementor-element-71252c7\" data-id=\"71252c7\" data-element_type=\"column\">\n\t\t\t<div class=\"elementor-widget-wrap elementor-element-populated\">\n\t\t\t\t\t\t\t\t<div class=\"elementor-element elementor-element-95059b9 elementor-widget elementor-widget-text-editor\" data-id=\"95059b9\" data-element_type=\"widget\" data-widget_type=\"text-editor.default\">\n\t\t\t\t<div class=\"elementor-widget-container\">\n\t\t\t\t\t\t\t<p><strong>1. DELIVERY AND COLLECTION OF PRODUCTS<\/strong><br \/>1.1. When ordering the Goods, the Buyer can choose the method of delivery of the Goods, use the Goods delivery service provided by the Seller's authorized representative or collect the Goods from the Seller after individually agreeing on the delivery method and price.<br \/>1.2. Delivery of goods to the Buyer:<br \/>1.2.1. The buyer, who has chosen the Goods delivery service during the order, undertakes to indicate the exact place of delivery of the Goods.<br \/>1.2.2. The Buyer undertakes to accept the Goods himself or to indicate the person who will collect the Goods at the time of placing the Order. In the event that the Buyer (or another specified person) cannot accept the Goods, and the Goods are delivered to the specified address and based on other data provided by the Buyer, the Buyer has no right to make claims to the Seller regarding the delivery of the Goods to the wrong entity.<br \/>1.2.3. The goods are delivered by the Seller or his authorized representative.<br \/>1.2.4. The charge for delivery (transportation) of goods is calculated taking into account the size of the Order and the place of delivery:<br \/>1.2.4.1. An additional fee applies to the delivery of goods to the Curonian Spit region.<br \/>1.2.5. When the Buyer wishes the Goods to be delivered outside of Lithuania, the terms of delivery of the Order are negotiated in a separate agreement.<br \/>1.3. When picking up the Goods at the Seller's physical stores, the Goods must be picked up by the Buyer or another person specified at the time of placing the Order, after the Seller confirms that the Order is already ready.<\/p>\t\t\t\t\t\t<\/div>\n\t\t\t\t<\/div>\n\t\t\t\t\t<\/div>\n\t\t<\/div>\n\t\t\t\t\t\t\t<\/div>\n\t\t<\/section>\n\t\t\t\t\t\t\t<\/div>","protected":false},"excerpt":{"rendered":"<p>1. PREKI\u0172 PRISTATYMAS IR ATSI\u0116MIMAS1.1. Pirk\u0117jas, u\u017esakydamas Prekes, gali pasirinkti Preki\u0173 pristatymo b\u016bd\u0105, t. y. pasinaudoti Pardav\u0117jo \u012fgalioto atstovo teikiama Preki\u0173 pristatymo paslauga arba atsiimti Prekes i\u0161 Pardav\u0117jo individualiai sutar\u0119s pristatymo b\u016bd\u0105 ir kain\u0105.1.2. Preki\u0173 pristatymas Pirk\u0117jui:1.2.1. Pirk\u0117jas, u\u017esakymo metu pasirink\u0119s Preki\u0173 pristatymo paslaug\u0105, \u012fsipareigoja nurodyti tiksli\u0105 Preki\u0173 pristatymo viet\u0105.1.2.2. Pirk\u0117jas \u012fsipareigoja Prekes priimti pats [&hellip;]<\/p>","protected":false},"author":2,"featured_media":0,"parent":0,"menu_order":0,"comment_status":"closed","ping_status":"closed","template":"","meta":{"footnotes":""},"class_list":["post-4535","page","type-page","status-publish","hentry"],"_links":{"self":[{"href":"https:\/\/diac.lt\/en\/wp-json\/wp\/v2\/pages\/4535","targetHints":{"allow":["GET"]}}],"collection":[{"href":"https:\/\/diac.lt\/en\/wp-json\/wp\/v2\/pages"}],"about":[{"href":"https:\/\/diac.lt\/en\/wp-json\/wp\/v2\/types\/page"}],"author":[{"embeddable":true,"href":"https:\/\/diac.lt\/en\/wp-json\/wp\/v2\/users\/2"}],"replies":[{"embeddable":true,"href":"https:\/\/diac.lt\/en\/wp-json\/wp\/v2\/comments?post=4535"}],"version-history":[{"count":7,"href":"https:\/\/diac.lt\/en\/wp-json\/wp\/v2\/pages\/4535\/revisions"}],"predecessor-version":[{"id":4552,"href":"https:\/\/diac.lt\/en\/wp-json\/wp\/v2\/pages\/4535\/revisions\/4552"}],"wp:attachment":[{"href":"https:\/\/diac.lt\/en\/wp-json\/wp\/v2\/media?parent=4535"}],"curies":[{"name":"wp","href":"https:\/\/api.w.org\/{rel}","templated":true}]}}