{"id":4523,"date":"2023-09-05T13:02:06","date_gmt":"2023-09-05T13:02:06","guid":{"rendered":"https:\/\/diac.lt\/?page_id=4523"},"modified":"2023-09-05T13:07:22","modified_gmt":"2023-09-05T13:07:22","slug":"apmokejimas","status":"publish","type":"page","link":"https:\/\/diac.lt\/en\/apmokejimas\/","title":{"rendered":"Payment"},"content":{"rendered":"<div data-elementor-type=\"wp-page\" data-elementor-id=\"4523\" class=\"elementor elementor-4523\">\n\t\t\t\t\t\t\t\t\t<section class=\"elementor-section elementor-top-section elementor-element elementor-element-4a6d294 elementor-section-boxed elementor-section-height-default elementor-section-height-default rt-parallax-bg-no\" data-id=\"4a6d294\" data-element_type=\"section\">\n\t\t\t\t\t\t<div class=\"elementor-container elementor-column-gap-default\">\n\t\t\t\t\t<div class=\"elementor-column elementor-col-100 elementor-top-column elementor-element elementor-element-588e307\" data-id=\"588e307\" data-element_type=\"column\">\n\t\t\t<div class=\"elementor-widget-wrap elementor-element-populated\">\n\t\t\t\t\t\t\t\t<div class=\"elementor-element elementor-element-e971dbf elementor-widget elementor-widget-text-editor\" data-id=\"e971dbf\" data-element_type=\"widget\" data-widget_type=\"text-editor.default\">\n\t\t\t\t<div class=\"elementor-widget-container\">\n\t\t\t\t\t\t\t<p><strong>1. PAYMENT PROCEDURE FOR PRODUCTS<\/strong><br \/>1.1. The Buyer can pay for the Products in one of the following ways:<br \/>1.1.1. Electronic banking means advance payment using the electronic banking system used by the Buyer. When paying for the Goods in this way, a payment is generated for the Buyer in the electronic banking system according to his Order. The Buyer transfers the money to the Seller's account in the relevant bank of his choice. The responsibility for data security in this case rests with the respective bank, since all monetary transactions take place in the bank's electronic banking system.<br \/>1.1.2. By bank transfer - this is an advance payment, when the Buyer transfers money from his account to the Seller's account according to the submitted Order invoice.<br \/>1.2. Payment can be made using electronic banking services of Swedbank, Seb, Luminor, Citadele and \u0160iauli\u0173 bankas. Settlements are possible in euro currency. Payments are processed using <a href=\"http:\/\/paysera.lt\/\" target=\"_blank\" rel=\"noopener\">Paysera.lt<\/a>\u00a0payment platform.<\/p>\t\t\t\t\t\t<\/div>\n\t\t\t\t<\/div>\n\t\t\t\t\t<\/div>\n\t\t<\/div>\n\t\t\t\t\t\t\t<\/div>\n\t\t<\/section>\n\t\t\t\t\t\t\t<\/div>","protected":false},"excerpt":{"rendered":"<p>1. PREKI\u0172 APMOK\u0116JIMO TVARKA1.1. Pirk\u0117jas gali atsiskaityti u\u017e Prekes vienu i\u0161 \u0161i\u0173 b\u016bd\u0173:1.1.1. Elektronine bankininkyste \u2013 tai i\u0161ankstinis apmok\u0117jimas pasinaudojant Pirk\u0117jo naudojama elektronin\u0117s bankininkyst\u0117s sistema. Mokant u\u017e Prekes \u0161iuo b\u016bdu, Pirk\u0117jui elektronin\u0117s bankininkyst\u0117s sistemoje sugeneruojamas mok\u0117jimas pagal jo U\u017esakym\u0105. Pinigus Pirk\u0117jas perveda \u012f atitinkamame jo pasirinktame banke esan\u010di\u0105 Pardav\u0117jo s\u0105skait\u0105. Atsakomyb\u0117 u\u017e duomen\u0173 saugum\u0105 \u0161iuo [&hellip;]<\/p>","protected":false},"author":2,"featured_media":0,"parent":0,"menu_order":0,"comment_status":"closed","ping_status":"closed","template":"","meta":{"footnotes":""},"class_list":["post-4523","page","type-page","status-publish","hentry"],"_links":{"self":[{"href":"https:\/\/diac.lt\/en\/wp-json\/wp\/v2\/pages\/4523","targetHints":{"allow":["GET"]}}],"collection":[{"href":"https:\/\/diac.lt\/en\/wp-json\/wp\/v2\/pages"}],"about":[{"href":"https:\/\/diac.lt\/en\/wp-json\/wp\/v2\/types\/page"}],"author":[{"embeddable":true,"href":"https:\/\/diac.lt\/en\/wp-json\/wp\/v2\/users\/2"}],"replies":[{"embeddable":true,"href":"https:\/\/diac.lt\/en\/wp-json\/wp\/v2\/comments?post=4523"}],"version-history":[{"count":11,"href":"https:\/\/diac.lt\/en\/wp-json\/wp\/v2\/pages\/4523\/revisions"}],"predecessor-version":[{"id":4534,"href":"https:\/\/diac.lt\/en\/wp-json\/wp\/v2\/pages\/4523\/revisions\/4534"}],"wp:attachment":[{"href":"https:\/\/diac.lt\/en\/wp-json\/wp\/v2\/media?parent=4523"}],"curies":[{"name":"wp","href":"https:\/\/api.w.org\/{rel}","templated":true}]}}