{"id":16,"date":"2023-02-06T03:35:02","date_gmt":"2023-02-06T03:35:02","guid":{"rendered":"https:\/\/diac.lt\/?page_id=16"},"modified":"2025-03-20T09:49:19","modified_gmt":"2025-03-20T09:49:19","slug":"kontaktai","status":"publish","type":"page","link":"https:\/\/diac.lt\/en\/kontaktai\/","title":{"rendered":"Contacts"},"content":{"rendered":"<div data-elementor-type=\"wp-page\" data-elementor-id=\"16\" class=\"elementor elementor-16\">\n\t\t\t\t\t\t\t\t\t<section class=\"elementor-section elementor-top-section elementor-element elementor-element-0d42a88 elementor-section-boxed elementor-section-height-default elementor-section-height-default rt-parallax-bg-no\" data-id=\"0d42a88\" data-element_type=\"section\">\n\t\t\t\t\t\t<div class=\"elementor-container elementor-column-gap-default\">\n\t\t\t\t\t<div class=\"elementor-column elementor-col-33 elementor-top-column elementor-element elementor-element-9248a1a\" data-id=\"9248a1a\" data-element_type=\"column\" data-settings=\"{&quot;background_background&quot;:&quot;classic&quot;}\">\n\t\t\t<div class=\"elementor-widget-wrap elementor-element-populated\">\n\t\t\t\t\t\t\t\t<div class=\"elementor-element elementor-element-07b71e4 elementor-invisible elementor-widget elementor-widget-rt-title\" data-id=\"07b71e4\" data-element_type=\"widget\" data-widget_type=\"rt-title.default\">\n\t\t\t\t<div class=\"elementor-widget-container\">\n\t\t\t<div class=\"rt-section-title has-animation style1\">\n\t<div class=\"title-holder\">\t\t\n\t\t\t\t\t\t<h2 class=\"entry-title hide fadeInUp\" data-wow-delay=\"0.6s\" data-wow-duration=\"1.4s\">Information<\/h2>\n\t\t\t\t\n\t<\/div>\n<\/div>\n\t\t<\/div>\n\t\t\t\t<\/div>\n\t\t\t\t<div class=\"elementor-element elementor-element-5136908 elementor-invisible elementor-widget elementor-widget-rt-contact-info\" data-id=\"5136908\" data-element_type=\"widget\" data-widget_type=\"rt-contact-info.default\">\n\t\t\t\t<div class=\"elementor-widget-container\">\n\t\t\t\n<div class=\"rt-contact-info\">\n    <div class=\"rt-item item-icon hide fadeInUp\" data-wow-delay=\"0.2s\" data-wow-duration=\"1.2s\">\n    \t<div class=\"rt-item-icon\">\n\t          \n\t        \t            <i aria-hidden=\"true\" class=\"icon-faktorie-location\"><\/i>\t        \t         \n\t    <\/div>\n\t    <div class=\"rt-item-content\">\n\t        <h3 class=\"entry-title\">Address<\/h3>\n\t        <ul class=\"contact-list\">\n\t            \t            <li>\n\t                \t                    Gud\u017eioni\u0173 g. 1, LT-55101 Jonava\t                \t            <\/li>\n\t            \t        <\/ul>\n\t    <\/div>\n    <\/div>\n<\/div>\t\t<\/div>\n\t\t\t\t<\/div>\n\t\t\t\t<div class=\"elementor-element elementor-element-4c2a3eb elementor-widget-divider--view-line elementor-widget elementor-widget-divider\" data-id=\"4c2a3eb\" data-element_type=\"widget\" data-widget_type=\"divider.default\">\n\t\t\t\t<div class=\"elementor-widget-container\">\n\t\t\t\t\t<div class=\"elementor-divider\">\n\t\t\t<span class=\"elementor-divider-separator\">\n\t\t\t\t\t\t<\/span>\n\t\t<\/div>\n\t\t\t\t<\/div>\n\t\t\t\t<\/div>\n\t\t\t\t<div class=\"elementor-element elementor-element-d570e29 elementor-invisible elementor-widget elementor-widget-rt-contact-info\" data-id=\"d570e29\" data-element_type=\"widget\" data-widget_type=\"rt-contact-info.default\">\n\t\t\t\t<div class=\"elementor-widget-container\">\n\t\t\t\n<div class=\"rt-contact-info\">\n    <div class=\"rt-item item-icon hide fadeInUp\" data-wow-delay=\"0.2s\" data-wow-duration=\"1.2s\">\n    \t<div class=\"rt-item-icon\">\n\t          \n\t        \t            <i aria-hidden=\"true\" class=\"icon-faktorie-phone\"><\/i>\t        \t         \n\t    <\/div>\n\t    <div class=\"rt-item-content\">\n\t        <h3 class=\"entry-title\">Phone<\/h3>\n\t        <ul class=\"contact-list\">\n\t            \t            <li>\n\t                \t                <a href=\"tel: 370 683 12408\">\n\t                    +370 683 12408\t                <\/a>\n\t                \t            <\/li>\n\t            \t            <li>\n\t                \t                <a href=\"tel: 370 683 12409\">\n\t                    +370 683 12409\t                <\/a>\n\t                \t            <\/li>\n\t            \t        <\/ul>\n\t    <\/div>\n    <\/div>\n<\/div>\t\t<\/div>\n\t\t\t\t<\/div>\n\t\t\t\t<div class=\"elementor-element elementor-element-057b266 elementor-widget-divider--view-line elementor-widget elementor-widget-divider\" data-id=\"057b266\" data-element_type=\"widget\" data-widget_type=\"divider.default\">\n\t\t\t\t<div class=\"elementor-widget-container\">\n\t\t\t\t\t<div class=\"elementor-divider\">\n\t\t\t<span class=\"elementor-divider-separator\">\n\t\t\t\t\t\t<\/span>\n\t\t<\/div>\n\t\t\t\t<\/div>\n\t\t\t\t<\/div>\n\t\t\t\t<div class=\"elementor-element elementor-element-ce50dd0 elementor-invisible elementor-widget elementor-widget-rt-contact-info\" data-id=\"ce50dd0\" data-element_type=\"widget\" data-widget_type=\"rt-contact-info.default\">\n\t\t\t\t<div class=\"elementor-widget-container\">\n\t\t\t\n<div class=\"rt-contact-info\">\n    <div class=\"rt-item item-icon hide fadeInUp\" data-wow-delay=\"0.2s\" data-wow-duration=\"1.2s\">\n    \t<div class=\"rt-item-icon\">\n\t          \n\t        \t            <i aria-hidden=\"true\" class=\"icon-faktorie-message\"><\/i>\t        \t         \n\t    <\/div>\n\t    <div class=\"rt-item-content\">\n\t        <h3 class=\"entry-title\">E-mail<\/h3>\n\t        <ul class=\"contact-list\">\n\t            \t            <li>\n\t                \t                <a href=\"mailto:info@diac.lt\">\n\t                    info@diac.lt\t                <\/a>\n\t                \t            <\/li>\n\t            \t        <\/ul>\n\t    <\/div>\n    <\/div>\n<\/div>\t\t<\/div>\n\t\t\t\t<\/div>\n\t\t\t\t\t<\/div>\n\t\t<\/div>\n\t\t\t\t<div class=\"elementor-column elementor-col-66 elementor-top-column elementor-element elementor-element-c01cd81\" data-id=\"c01cd81\" data-element_type=\"column\" data-settings=\"{&quot;background_background&quot;:&quot;classic&quot;}\">\n\t\t\t<div class=\"elementor-widget-wrap elementor-element-populated\">\n\t\t\t\t\t\t\t\t<div class=\"elementor-element elementor-element-1a36075 elementor-invisible elementor-widget elementor-widget-rt-title\" data-id=\"1a36075\" data-element_type=\"widget\" data-widget_type=\"rt-title.default\">\n\t\t\t\t<div class=\"elementor-widget-container\">\n\t\t\t<div class=\"rt-section-title has-animation style1\">\n\t<div class=\"title-holder\">\t\t\n\t\t\t\t\t\t<h2 class=\"entry-title hide fadeInUp\" data-wow-delay=\"0.6s\" data-wow-duration=\"1.4s\">Send us a message:<\/h2>\n\t\t\t\t\n\t<\/div>\n<\/div>\n\t\t<\/div>\n\t\t\t\t<\/div>\n\t\t\t\t<div class=\"elementor-element elementor-element-5317bdb elementor-widget elementor-widget-text-editor\" data-id=\"5317bdb\" data-element_type=\"widget\" data-widget_type=\"text-editor.default\">\n\t\t\t\t<div class=\"elementor-widget-container\">\n\t\t\t\t\t\t\t<p>We will gladly share our knowledge and experience<\/p>\t\t\t\t\t\t<\/div>\n\t\t\t\t<\/div>\n\t\t\t\t<div class=\"elementor-element elementor-element-8647d85 fluentform-widget-submit-button-custom elementor-widget elementor-widget-fluent-form-widget\" data-id=\"8647d85\" data-element_type=\"widget\" data-widget_type=\"fluent-form-widget.default\">\n\t\t\t\t<div class=\"elementor-widget-container\">\n\t\t\t\n            <div class=\"fluentform-widget-wrapper fluentform-widget-align-default\">\n\n            \n            <div class='fluentform fluentform_wrapper_7'><form data-form_id=\"7\" id=\"fluentform_7\" class=\"frm-fluent-form fluent_form_7 ff-el-form-top ff_form_instance_7_1 ff-form-loading\" data-form_instance=\"ff_form_instance_7_1\" method=\"POST\" action=\"\" ><fieldset style=\"border: none!important;margin: 0!important;padding: 0!important;background-color: transparent!important;box-shadow: none!important;outline: none!important; min-inline-size: 100%;\">\n                    <legend class=\"ff_screen_reader_title\" style=\"display: block; margin: 0!important;padding: 0!important;height: 0!important;text-indent: -999999px;width: 0!important;overflow:hidden;\">Kontakt\u0173 forma<\/legend><p style=\"display: none !important;\"><label>&#916;<textarea name=\"ak_hp_textarea\" cols=\"45\" rows=\"8\" maxlength=\"100\"><\/textarea><\/label><input type=\"hidden\" id=\"ak_js_1\" name=\"ak_js\" value=\"136\"\/><script>document.getElementById( \"ak_js_1\" ).setAttribute( \"value\", ( new Date() ).getTime() );<\/script><\/p><input type='hidden' name='__fluent_form_embded_post_id' value='16' \/><input type=\"hidden\" id=\"_fluentform_7_fluentformnonce\" name=\"_fluentform_7_fluentformnonce\" value=\"25c3df00a9\" \/><input type=\"hidden\" name=\"_wp_http_referer\" value=\"\/en\/wp-json\/wp\/v2\/pages\/16\" \/><div data-name=\"ff_cn_id_1\"  class='ff-t-container ff-column-container ff_columns_total_2 contact-form'><div class='ff-t-cell ff-t-column-1' style='flex-basis: 50%;'><div data-type=\"name-element\" data-name=\"names\" class=\"ff-field_container ff-name-field-wrapper\" ><div class='ff-t-container'><div class='ff-t-cell'><div class='ff-el-group'><div class='ff-el-input--content'><input type=\"text\" name=\"names[first_name]\" id=\"ff_7_names_first_name_\" class=\"ff-el-form-control\" placeholder=\"Name\" aria-invalid=\"false\" aria-required=\"false\"><\/div><\/div><\/div><\/div><\/div><\/div><div class='ff-t-cell ff-t-column-2' style='flex-basis: 50%;'><div class='ff-el-group'><div class='ff-el-input--content'><input type=\"email\" name=\"email\" id=\"ff_7_email\" class=\"ff-el-form-control\" placeholder=\"E-mail\" data-name=\"email\"  aria-invalid=\"false\" aria-required=\"true\"><\/div><\/div><\/div><\/div><div data-name=\"ff_cn_id_2\"  class='ff-t-container ff-column-container ff_columns_total_2 contact-form'><div class='ff-t-cell ff-t-column-1' style='flex-basis: 50%;'><div class='ff-el-group'><div class='ff-el-input--content'><input type=\"text\" name=\"input_text\" class=\"ff-el-form-control\" placeholder=\"Phone\" data-name=\"input_text\" id=\"ff_7_input_text\"  aria-invalid=\"false\" aria-required=\"false\"><\/div><\/div><\/div><div class='ff-t-cell ff-t-column-2' style='flex-basis: 50%;'><div class='ff-el-group'><div class='ff-el-input--content'><input type=\"text\" name=\"subject\" class=\"ff-el-form-control\" placeholder=\"Theme\" data-name=\"subject\" id=\"ff_7_subject\"  aria-invalid=\"false\" aria-required=\"false\"><\/div><\/div><\/div><\/div><div class='ff-el-group contact-form'><div class='ff-el-input--content'><textarea aria-invalid=\"false\" aria-required=\"true\" name=\"message\" id=\"ff_7_message\" class=\"ff-el-form-control\" placeholder=\"Comment\" rows=\"6\" cols=\"2\" data-name=\"message\" ><\/textarea><\/div><\/div><div class='ff-el-group' ><div class='ff-el-input--content'><div data-fluent_id='7' name='g-recaptcha-response'><div\n\t\tdata-sitekey='6LeCJv8nAAAAAH0w62ioe_FpLzvzJm0_ZBxHBii5'\n\t\tid='fluentform-recaptcha-7'\n\t\tclass='ff-el-recaptcha g-recaptcha'\n\t\tdata-callback='fluentFormrecaptchaSuccessCallback'><\/div><\/div><\/div><\/div><div class='ff-el-group ff-text-left contact-form ff_submit_btn_wrapper'><button type=\"submit\" class=\"ff-btn ff-btn-submit ff-btn-md ff_btn_no_style\" >Send<\/button><\/div><\/fieldset><input type=\"hidden\" name=\"trp-form-language\" value=\"en\"\/><\/form><div id='fluentform_7_errors' class='ff-errors-in-stack ff_form_instance_7_1 ff-form-loading_errors ff_form_instance_7_1_errors'><\/div><\/div>        <script type=\"text\/javascript\">\n            window.fluent_form_ff_form_instance_7_1 = {\"id\":\"7\",\"settings\":{\"layout\":{\"labelPlacement\":\"top\",\"helpMessagePlacement\":\"with_label\",\"errorMessagePlacement\":\"inline\",\"cssClassName\":\"\",\"asteriskPlacement\":\"asterisk-right\"},\"restrictions\":{\"denyEmptySubmission\":{\"enabled\":false}}},\"form_instance\":\"ff_form_instance_7_1\",\"form_id_selector\":\"fluentform_7\",\"rules\":{\"names[first_name]\":{\"required\":{\"value\":false,\"message\":\"This field is required\"}},\"names[middle_name]\":{\"required\":{\"value\":false,\"message\":\"This field is required\"}},\"names[last_name]\":{\"required\":{\"value\":false,\"message\":\"This field is required\"}},\"email\":{\"required\":{\"value\":true,\"message\":\"\\u0160\\u012f lauk\\u0105 b\\u016btina u\\u017epildyti\"},\"email\":{\"value\":true,\"message\":\"\\u0160iame lauke turi b\\u016bti nurodytas galiojantis El.pa\\u0161t\\u0105\"}},\"input_text\":{\"required\":{\"value\":false,\"message\":\"This field is required\"}},\"subject\":{\"required\":{\"value\":false,\"message\":\"This field is required\"}},\"message\":{\"required\":{\"value\":true,\"message\":\"\\u0160\\u012f lauk\\u0105 b\\u016btina u\\u017epildyti\"}},\"g-recaptcha-response\":[]}};\n                    <\/script>\n                    <\/div>\n\n            \t\t<\/div>\n\t\t\t\t<\/div>\n\t\t\t\t\t<\/div>\n\t\t<\/div>\n\t\t\t\t\t\t\t<\/div>\n\t\t<\/section>\n\t\t\t\t<section class=\"elementor-section elementor-top-section elementor-element elementor-element-00254c2 elementor-section-full_width elementor-section-height-default elementor-section-height-default rt-parallax-bg-no\" data-id=\"00254c2\" data-element_type=\"section\">\n\t\t\t\t\t\t<div class=\"elementor-container elementor-column-gap-default\">\n\t\t\t\t\t<div class=\"elementor-column elementor-col-100 elementor-top-column elementor-element elementor-element-9cd5e43\" data-id=\"9cd5e43\" data-element_type=\"column\">\n\t\t\t<div class=\"elementor-widget-wrap elementor-element-populated\">\n\t\t\t\t\t\t\t\t<div class=\"elementor-element elementor-element-4ba1525 elementor-widget elementor-widget-google_maps\" data-id=\"4ba1525\" data-element_type=\"widget\" data-widget_type=\"google_maps.default\">\n\t\t\t\t<div class=\"elementor-widget-container\">\n\t\t\t\t\t<div class=\"elementor-custom-embed\">\n\t\t\t<iframe loading=\"lazy\"\n\t\t\t\t\tsrc=\"https:\/\/maps.google.com\/maps?q=Gud%C5%BEioni%C5%B3%20g.%201%2C%20LT-55101%20Jonava&#038;t=m&#038;z=7&#038;output=embed&#038;iwloc=near\"\n\t\t\t\t\ttitle=\"Gud\u017eioni\u0173 g. 1, LT-55101 Jonava\"\n\t\t\t\t\taria-label=\"Gud\u017eioni\u0173 g. 1, LT-55101 Jonava\"\n\t\t\t><\/iframe>\n\t\t<\/div>\n\t\t\t\t<\/div>\n\t\t\t\t<\/div>\n\t\t\t\t\t<\/div>\n\t\t<\/div>\n\t\t\t\t\t\t\t<\/div>\n\t\t<\/section>\n\t\t\t\t\t\t\t<\/div>","protected":false},"excerpt":{"rendered":"<p>Informacija Adresas Gud\u017eioni\u0173 g. 1, LT-55101 Jonava Telefonas +370 683 12408 +370 683 12409 El.pa\u0161tas info@diac.lt Atsi\u0173skite mums \u017einut\u0119: Mes su d\u017eiaugsmu pasidalinsime savo \u017einiomis ir patirtimi Kontakt\u0173 forma &#916; Si\u0173sti<\/p>","protected":false},"author":2,"featured_media":0,"parent":0,"menu_order":0,"comment_status":"closed","ping_status":"closed","template":"elementor_header_footer","meta":{"footnotes":""},"class_list":["post-16","page","type-page","status-publish","hentry"],"_links":{"self":[{"href":"https:\/\/diac.lt\/en\/wp-json\/wp\/v2\/pages\/16","targetHints":{"allow":["GET"]}}],"collection":[{"href":"https:\/\/diac.lt\/en\/wp-json\/wp\/v2\/pages"}],"about":[{"href":"https:\/\/diac.lt\/en\/wp-json\/wp\/v2\/types\/page"}],"author":[{"embeddable":true,"href":"https:\/\/diac.lt\/en\/wp-json\/wp\/v2\/users\/2"}],"replies":[{"embeddable":true,"href":"https:\/\/diac.lt\/en\/wp-json\/wp\/v2\/comments?post=16"}],"version-history":[{"count":22,"href":"https:\/\/diac.lt\/en\/wp-json\/wp\/v2\/pages\/16\/revisions"}],"predecessor-version":[{"id":5673,"href":"https:\/\/diac.lt\/en\/wp-json\/wp\/v2\/pages\/16\/revisions\/5673"}],"wp:attachment":[{"href":"https:\/\/diac.lt\/en\/wp-json\/wp\/v2\/media?parent=16"}],"curies":[{"name":"wp","href":"https:\/\/api.w.org\/{rel}","templated":true}]}}